{"id":52,"date":"2018-08-06T18:33:44","date_gmt":"2018-08-06T16:33:44","guid":{"rendered":"http:\/\/presets.meryldenis.com\/?page_id=52"},"modified":"2018-08-19T23:24:54","modified_gmt":"2018-08-19T21:24:54","slug":"faq","status":"publish","type":"page","link":"https:\/\/presets.meryldenis.com\/fr\/faq\/","title":{"rendered":"FAQ"},"content":{"rendered":"<p>[vc_row][vc_column][vc_toggle title=&#8221;\u2013 Qu\u2019est-ce qu\u2019un preset ?&#8221; open=&#8221;true&#8221;]<\/p>\n<p class=\"p1\"><span class=\"s1\">Les presets sont des param\u00e8tres pr\u00e9d\u00e9finis cr\u00e9\u00e9s pour donner un style\/retouche \u00e0 une photo.<\/span><\/p>\n<p class=\"p1\"><span class=\"s1\">En gros il s\u2019agit d\u2019un filtre qu\u2019on rajoute, et ils sont disponibles sur Adobe Lightroom.<\/span><\/p>\n<p class=\"p1\"><span class=\"s1\">Si vous connaissez\u00a0la c\u00e9l\u00e8bre application Vsco, c\u2019est le m\u00eame principe, les presets sont faits pour changer vos photos mais de fa\u00e7on plus professionnelle sur Lightroom.<\/span><\/p>\n<p>[\/vc_toggle][vc_toggle title=&#8221;\u2013 Quel programme\/application ai-je besoin pour utiliser les presets ?&#8221;]<\/p>\n<p class=\"p1\"><span class=\"s1\">Vous avez besoin de Adobe Lightroom Desktop pour ordinateur, et c\u2019est Adobe Lightroom CC pour l\u2019application mobile.<\/span><\/p>\n<p class=\"p1\"><span class=\"s1\">La version pour ordinateur Adobe Lightroom Classic CC n\u00e9cessite un abonnement de 11,99\u20ac par mois (sur le site de Adobe .com). L\u2019application est disponible sur iTunes et Google Play et elle est gratuite, vous n\u2019avez pas\u00a0besoin d\u2019inscription. Toutefois une version payante est propos\u00e9e sur l\u2019application, elle donne acc\u00e8s \u00e0 plus de fonctionnalit\u00e9s mais les presets peuvent tout de m\u00eame \u00eatre utilis\u00e9s.<\/span><\/p>\n<p class=\"p1\"><span class=\"s1\">Note : Les presets pour desktop\u00a0fonctionnent uniquement sur ordinateur et les presets mobile fonctionnent uniquement pour mobile.<\/span><\/p>\n<p>[\/vc_toggle][vc_toggle title=&#8221;\u2013 Est-ce que je peux utiliser les presets pour des photos JPEG ?&#8221;]<\/p>\n<p class=\"p1\"><span class=\"s1\">Oui, et pour \u00eatre honn\u00eate je n\u2019utilise pas RAW car 90% de mes photos sont faites uniquement pour Instagram, et personnellement je trouve que shooter en RAW est trop contraignant pour juste des photos Instagram, c\u2019est mon avis mais je peux totalement comprendre ceux qui pr\u00e9f\u00e8rent shooter en RAW.<\/span><\/p>\n<p class=\"p1\"><span class=\"s1\">Mes presets sont donc plus adapt\u00e9s pour des photos en JPEG.<\/span><\/p>\n<p>[\/vc_toggle][vc_toggle title=&#8221;\u2013 Comment est-ce que j\u2019importe les presets sur mon application Lightroom mobile ?&#8221;]<\/p>\n<p class=\"p1\"><span class=\"s1\">Si vous passez\u00a0commande d\u2019un pack mobile sur mon site vous allez\u00a0automatiquement recevoir les presets par email avec un Guide \u00e9tape par \u00e9tape que j\u2019ai cr\u00e9\u00e9. Ce guide est en anglais et en fran\u00e7ais \u00e9galement. Cela va vous aider\u00a0\u00e0 mettre les presets sur votre application mobile et cela va vous\u00a0expliquer comment les utiliser sur vos photos.<\/span><\/p>\n<p class=\"p1\"><span class=\"s1\">Mes presets sont donc plus adapt\u00e9s pour des photos en JPEG.<\/span><\/p>\n<p>[\/vc_toggle][vc_toggle title=&#8221;\u2013 Comment puis-je avoir une garantie que les presets vont me plaire ?&#8221;]<\/p>\n<p class=\"p1\"><span class=\"s1\">Malheureusement vous ne pouvez pas avoir de garantie. Je veux \u00eatre honn\u00eate avec vous. Ce sont les presets que j\u2019utilise pour moi, avec ma touche personnelle et mon propre style pour mon feed Instagram. Je ne peux pas garantir que vous allez\u00a0les aimer et s\u2019ils vont faire ce que vous souhaitez sur vos photos. vous pouvez\u00a0aller sur la page \u201d avant \/ apr\u00e8s \u201d du site\u00a0pour \u00eatre s\u00fbre de voir le mieux possible comment rendent les presets.<\/span><\/p>\n<p class=\"p1\"><span class=\"s1\">Si tu le souhaites, avant d\u2019acheter un pack tu peux m\u2019envoyer un email \u00e0 :\u00a0<a href=\"mailto:meryldenispresets@gmail.com\"><span class=\"s2\">meryldenispresets@gmail.com<\/span><\/a>\u00a0avec 2\/3 photos, et je vais essayer d\u2019en retoucher une d\u2019elles avec l\u2019un de mes presets, et je te renverrais la photo, gratuitement.<\/span><\/p>\n<p class=\"p1\"><span class=\"s1\">De cette fa\u00e7on tu pourras voir ce que \u00e7a donne sur tes photos. * Je peux cependant faire \u00e7a uniquement une fois par personne.<\/span><\/p>\n<p class=\"p1\"><span class=\"s1\">Mes presets sont donc plus adapt\u00e9s pour des photos en JPEG.<\/span><\/p>\n<p>[\/vc_toggle][vc_toggle title=&#8221;\u2013 Est ce que mes photos vont ressembler aux tiennes ?&#8221;]<\/p>\n<p class=\"p1\"><span class=\"s1\">Malheureusement la r\u00e9ponse est encore non ici. Parce que ce qui fait la particularit\u00e9 d\u2019une photo ce n\u2019est pas juste en ajoutant un presets, sinon ce serait trop facile.<\/span><\/p>\n<p class=\"p1\"><span class=\"s1\">Le rendu final d\u00e9pend de plusieurs facteurs : l\u2019appareil photo, l\u2019objectif, les r\u00e9glages, la lumi\u00e8re, la couleur de peau, le style personnel ou encore le lieu. Une photo ne pourra jamais \u00eatre exactement pareille qu\u2019une autre, peu importe \u00e0 quel point le preset est bien fait.<\/span><\/p>\n<p class=\"p1\"><span class=\"s1\">M\u00eame si j\u2019utilise ces presets sur mes photos, surtout gardes en t\u00eate que j\u2019ajuste toujours les r\u00e9glages sur chaque photo (lumi\u00e8re, ombres\u2026)<\/span><\/p>\n<p>[\/vc_toggle][vc_toggle title=&#8221;\u2013 Puis-je me faire rembourser sur les presets ?&#8221;]<\/p>\n<p class=\"p1\"><span class=\"s1\">Les presets ne peuvent pas \u00eatre rembours\u00e9s \u00e0 cause de la nature digitale des produits. S\u2019il vous pla\u00eet faites attention de bien avoir Adobe Lightroom dans ses derni\u00e8res versions, compatibles avec les presets, avant de faire tout achat.<\/span><\/p>\n<p class=\"p1\"><span class=\"s1\">Si vous avez la moindre question, n\u2019h\u00e9sitez surtout pas \u00e0 me contacter \u00e0 :\u00a0<a href=\"mailto:meryldenispresets@gmail.com\"><span class=\"s2\">meryldenispresets@gmail.com<\/span><\/a>\u00a0, Maxime ou moi-m\u00eame essayeront de r\u00e9pondre le plus rapidement possible sous quelques heures pour vous aider le plus possible.<\/span><\/p>\n<p>[\/vc_toggle][\/vc_column][\/vc_row]<\/p>","protected":false},"excerpt":{"rendered":"<p>[vc_row][vc_column][vc_toggle title=&#8221;\u2013 Qu\u2019est-ce qu\u2019un preset ?&#8221; open=&#8221;true&#8221;] Les presets sont des param\u00e8tres pr\u00e9d\u00e9finis cr\u00e9\u00e9s pour donner un style\/retouche \u00e0 une photo. En gros il s\u2019agit d\u2019un filtre qu\u2019on rajoute, et&hellip;<\/p>\n","protected":false},"author":1,"featured_media":0,"parent":0,"menu_order":0,"comment_status":"closed","ping_status":"closed","template":"","meta":[],"yoast_head":"<!-- This site is optimized with the Yoast SEO plugin v17.0 - https:\/\/yoast.com\/wordpress\/plugins\/seo\/ -->\n<title>FAQ - Meryl Denis Presets<\/title>\n<meta name=\"description\" content=\"Here is the FAQ page of Meryl Denis&#039; Presets e-shop. You can find all the answers concerning her large variety of presets.\" \/>\n<meta name=\"robots\" content=\"index, follow, max-snippet:-1, max-image-preview:large, max-video-preview:-1\" \/>\n<link rel=\"canonical\" href=\"https:\/\/presets.meryldenis.com\/faq\/\" \/>\n<meta property=\"og:locale\" content=\"fr_FR\" \/>\n<meta property=\"og:type\" content=\"article\" \/>\n<meta property=\"og:title\" content=\"FAQ - Meryl Denis Presets\" \/>\n<meta property=\"og:description\" content=\"Here is the FAQ page of Meryl Denis&#039; Presets e-shop. You can find all the answers concerning her large variety of presets.\" \/>\n<meta property=\"og:url\" content=\"https:\/\/presets.meryldenis.com\/faq\/\" \/>\n<meta property=\"og:site_name\" content=\"Meryl Denis Presets\" \/>\n<meta property=\"article:modified_time\" content=\"2018-08-19T21:24:54+00:00\" \/>\n<meta name=\"twitter:card\" content=\"summary_large_image\" \/>\n<meta name=\"twitter:label1\" content=\"Dur\u00e9e de lecture est.\" \/>\n\t<meta name=\"twitter:data1\" content=\"7 minutes\" \/>\n<script type=\"application\/ld+json\" class=\"yoast-schema-graph\">{\"@context\":\"https:\/\/schema.org\",\"@graph\":[{\"@type\":\"WebSite\",\"@id\":\"https:\/\/presets.meryldenis.com\/fr\/#website\",\"url\":\"https:\/\/presets.meryldenis.com\/fr\/\",\"name\":\"Meryl Denis Presets\",\"description\":\"\",\"potentialAction\":[{\"@type\":\"SearchAction\",\"target\":{\"@type\":\"EntryPoint\",\"urlTemplate\":\"https:\/\/presets.meryldenis.com\/fr\/?s={search_term_string}\"},\"query-input\":\"required name=search_term_string\"}],\"inLanguage\":\"fr-FR\"},{\"@type\":\"WebPage\",\"@id\":\"https:\/\/presets.meryldenis.com\/faq\/#webpage\",\"url\":\"https:\/\/presets.meryldenis.com\/faq\/\",\"name\":\"FAQ - Meryl Denis Presets\",\"isPartOf\":{\"@id\":\"https:\/\/presets.meryldenis.com\/fr\/#website\"},\"datePublished\":\"2018-08-06T16:33:44+00:00\",\"dateModified\":\"2018-08-19T21:24:54+00:00\",\"description\":\"Here is the FAQ page of Meryl Denis' Presets e-shop. You can find all the answers concerning her large variety of presets.\",\"breadcrumb\":{\"@id\":\"https:\/\/presets.meryldenis.com\/faq\/#breadcrumb\"},\"inLanguage\":\"fr-FR\",\"potentialAction\":[{\"@type\":\"ReadAction\",\"target\":[\"https:\/\/presets.meryldenis.com\/faq\/\"]}]},{\"@type\":\"BreadcrumbList\",\"@id\":\"https:\/\/presets.meryldenis.com\/faq\/#breadcrumb\",\"itemListElement\":[{\"@type\":\"ListItem\",\"position\":1,\"name\":\"Accueil\",\"item\":\"https:\/\/presets.meryldenis.com\/fr\/\"},{\"@type\":\"ListItem\",\"position\":2,\"name\":\"FAQ\"}]}]}<\/script>\n<!-- \/ Yoast SEO plugin. -->","yoast_head_json":{"title":"FAQ - Meryl Denis Presets","description":"Here is the FAQ page of Meryl Denis' Presets e-shop. You can find all the answers concerning her large variety of presets.","robots":{"index":"index","follow":"follow","max-snippet":"max-snippet:-1","max-image-preview":"max-image-preview:large","max-video-preview":"max-video-preview:-1"},"canonical":"https:\/\/presets.meryldenis.com\/faq\/","og_locale":"fr_FR","og_type":"article","og_title":"FAQ - Meryl Denis Presets","og_description":"Here is the FAQ page of Meryl Denis' Presets e-shop. You can find all the answers concerning her large variety of presets.","og_url":"https:\/\/presets.meryldenis.com\/faq\/","og_site_name":"Meryl Denis Presets","article_modified_time":"2018-08-19T21:24:54+00:00","twitter_card":"summary_large_image","twitter_misc":{"Dur\u00e9e de lecture est.":"7 minutes"},"schema":{"@context":"https:\/\/schema.org","@graph":[{"@type":"WebSite","@id":"https:\/\/presets.meryldenis.com\/fr\/#website","url":"https:\/\/presets.meryldenis.com\/fr\/","name":"Meryl Denis Presets","description":"","potentialAction":[{"@type":"SearchAction","target":{"@type":"EntryPoint","urlTemplate":"https:\/\/presets.meryldenis.com\/fr\/?s={search_term_string}"},"query-input":"required name=search_term_string"}],"inLanguage":"fr-FR"},{"@type":"WebPage","@id":"https:\/\/presets.meryldenis.com\/faq\/#webpage","url":"https:\/\/presets.meryldenis.com\/faq\/","name":"FAQ - Meryl Denis Presets","isPartOf":{"@id":"https:\/\/presets.meryldenis.com\/fr\/#website"},"datePublished":"2018-08-06T16:33:44+00:00","dateModified":"2018-08-19T21:24:54+00:00","description":"Here is the FAQ page of Meryl Denis' Presets e-shop. You can find all the answers concerning her large variety of presets.","breadcrumb":{"@id":"https:\/\/presets.meryldenis.com\/faq\/#breadcrumb"},"inLanguage":"fr-FR","potentialAction":[{"@type":"ReadAction","target":["https:\/\/presets.meryldenis.com\/faq\/"]}]},{"@type":"BreadcrumbList","@id":"https:\/\/presets.meryldenis.com\/faq\/#breadcrumb","itemListElement":[{"@type":"ListItem","position":1,"name":"Accueil","item":"https:\/\/presets.meryldenis.com\/fr\/"},{"@type":"ListItem","position":2,"name":"FAQ"}]}]}},"_links":{"self":[{"href":"https:\/\/presets.meryldenis.com\/fr\/wp-json\/wp\/v2\/pages\/52"}],"collection":[{"href":"https:\/\/presets.meryldenis.com\/fr\/wp-json\/wp\/v2\/pages"}],"about":[{"href":"https:\/\/presets.meryldenis.com\/fr\/wp-json\/wp\/v2\/types\/page"}],"author":[{"embeddable":true,"href":"https:\/\/presets.meryldenis.com\/fr\/wp-json\/wp\/v2\/users\/1"}],"replies":[{"embeddable":true,"href":"https:\/\/presets.meryldenis.com\/fr\/wp-json\/wp\/v2\/comments?post=52"}],"version-history":[{"count":15,"href":"https:\/\/presets.meryldenis.com\/fr\/wp-json\/wp\/v2\/pages\/52\/revisions"}],"predecessor-version":[{"id":466,"href":"https:\/\/presets.meryldenis.com\/fr\/wp-json\/wp\/v2\/pages\/52\/revisions\/466"}],"wp:attachment":[{"href":"https:\/\/presets.meryldenis.com\/fr\/wp-json\/wp\/v2\/media?parent=52"}],"curies":[{"name":"wp","href":"https:\/\/api.w.org\/{rel}","templated":true}]}}