{"id":193,"date":"2018-08-08T10:11:33","date_gmt":"2018-08-08T08:11:33","guid":{"rendered":"http:\/\/presets.meryldenis.com\/?post_type=product&#038;p=193"},"modified":"2018-08-20T21:49:03","modified_gmt":"2018-08-20T19:49:03","slug":"paradise-desktop","status":"publish","type":"product","link":"https:\/\/presets.meryldenis.com\/fr\/product\/paradise-desktop\/","title":{"rendered":"Paradise Desktop"},"content":{"rendered":"<p>[vc_row][vc_column width=&#8221;1\/2&#8243;][vc_single_image image=&#8221;263&#8243; img_size=&#8221;full&#8221; alignment=&#8221;center&#8221;][vc_empty_space height=&#8221;15px&#8221;][\/vc_column][vc_column width=&#8221;1\/2&#8243;][vc_single_image image=&#8221;262&#8243; img_size=&#8221;full&#8221; alignment=&#8221;center&#8221;][vc_empty_space height=&#8221;15px&#8221;][\/vc_column][\/vc_row][vc_row][vc_column width=&#8221;1\/2&#8243;][vc_single_image image=&#8221;265&#8243; img_size=&#8221;full&#8221; alignment=&#8221;center&#8221;][vc_empty_space height=&#8221;15px&#8221;][\/vc_column][vc_column width=&#8221;1\/2&#8243;][vc_single_image image=&#8221;264&#8243; img_size=&#8221;full&#8221; alignment=&#8221;center&#8221;][vc_empty_space height=&#8221;15px&#8221;][\/vc_column][\/vc_row][vc_row][vc_column width=&#8221;1\/2&#8243;][vc_single_image image=&#8221;267&#8243; img_size=&#8221;full&#8221; alignment=&#8221;center&#8221;][vc_empty_space height=&#8221;15px&#8221;][\/vc_column][vc_column width=&#8221;1\/2&#8243;][vc_single_image image=&#8221;266&#8243; img_size=&#8221;full&#8221; alignment=&#8221;center&#8221;][vc_empty_space height=&#8221;15px&#8221;][\/vc_column][\/vc_row][vc_row][vc_column width=&#8221;1\/2&#8243;][vc_single_image image=&#8221;269&#8243; img_size=&#8221;full&#8221; alignment=&#8221;center&#8221;][vc_empty_space height=&#8221;15px&#8221;][\/vc_column][vc_column width=&#8221;1\/2&#8243;][vc_single_image image=&#8221;268&#8243; img_size=&#8221;full&#8221; alignment=&#8221;center&#8221;][vc_empty_space height=&#8221;15px&#8221;][\/vc_column][\/vc_row][vc_row][vc_column width=&#8221;1\/2&#8243;][vc_single_image image=&#8221;271&#8243; img_size=&#8221;full&#8221; alignment=&#8221;center&#8221;][vc_empty_space height=&#8221;15px&#8221;][\/vc_column][vc_column width=&#8221;1\/2&#8243;][vc_single_image image=&#8221;270&#8243; img_size=&#8221;full&#8221; alignment=&#8221;center&#8221;][vc_empty_space height=&#8221;15px&#8221;][\/vc_column][\/vc_row][vc_row][vc_column width=&#8221;1\/2&#8243;][vc_single_image image=&#8221;273&#8243; img_size=&#8221;full&#8221; alignment=&#8221;center&#8221;][vc_empty_space height=&#8221;15px&#8221;][\/vc_column][vc_column width=&#8221;1\/2&#8243;][vc_single_image image=&#8221;272&#8243; img_size=&#8221;full&#8221; alignment=&#8221;center&#8221;][vc_empty_space height=&#8221;15px&#8221;][\/vc_column][\/vc_row][vc_row][vc_column width=&#8221;1\/2&#8243;][vc_single_image image=&#8221;275&#8243; img_size=&#8221;full&#8221; alignment=&#8221;center&#8221;][vc_empty_space height=&#8221;15px&#8221;][\/vc_column][vc_column width=&#8221;1\/2&#8243;][vc_single_image image=&#8221;274&#8243; img_size=&#8221;full&#8221; alignment=&#8221;center&#8221;][vc_empty_space height=&#8221;15px&#8221;][\/vc_column][\/vc_row][vc_row][vc_column width=&#8221;1\/2&#8243;][vc_single_image image=&#8221;277&#8243; img_size=&#8221;full&#8221; alignment=&#8221;center&#8221;][vc_empty_space height=&#8221;15px&#8221;][\/vc_column][vc_column width=&#8221;1\/2&#8243;][vc_single_image image=&#8221;276&#8243; img_size=&#8221;full&#8221; alignment=&#8221;center&#8221;][vc_empty_space height=&#8221;15px&#8221;][\/vc_column][\/vc_row][vc_row][vc_column width=&#8221;1\/2&#8243;][vc_single_image image=&#8221;279&#8243; img_size=&#8221;full&#8221; alignment=&#8221;center&#8221;][vc_empty_space height=&#8221;15px&#8221;][\/vc_column][vc_column width=&#8221;1\/2&#8243;][vc_single_image image=&#8221;278&#8243; img_size=&#8221;full&#8221; alignment=&#8221;center&#8221;][vc_empty_space height=&#8221;15px&#8221;][\/vc_column][\/vc_row]<\/p>\n","protected":false},"excerpt":{"rendered":"<p><span style=\"font-weight: 400;\">Le pack Paradise contient 9 presets diff\u00e9rents, ils ne peuvent \u00eatre utilis\u00e9s que sur <b>Adobe Lightroom pour ordinateur<\/b>.<\/span><span style=\"font-weight: 400;\"><br \/>\n<\/span><span style=\"font-weight: 400;\"><br \/>\n<\/span><span style=\"font-weight: 400;\">\u2013 2 des presets sont faits sp\u00e9cialement pour des photos de couchers ou levers de soleil (Paradise 7 et Paradise 8)<\/span><span style=\"font-weight: 400;\"><br \/>\n<\/span><span style=\"font-weight: 400;\"><br \/>\n<\/span><span style=\"font-weight: 400;\">\u2013 1 des presets est fait pour des photos sous l\u2019eau (Paradise 9)<\/span><span style=\"font-weight: 400;\"><br \/>\n<\/span><span style=\"font-weight: 400;\"><br \/>\n<\/span><span style=\"font-weight: 400;\">Ce pack est parfait pour des destinations comme les Maldives, Hawaii, les Seychelles, ou n\u2019importe quelles photos avec de belles couleurs dans les tons bleus, peu importe le lieu. Ce pack a \u00e9t\u00e9 fait pour mon amour de l\u2019oc\u00e9an et de la plage.<\/span><span style=\"font-weight: 400;\"><br \/>\n<\/span><span style=\"font-weight: 400;\"><br \/>\n<\/span><span style=\"font-weight: 400;\">Evidemment ces presets peuvent \u00eatre utilis\u00e9s pour n\u2019importe quelles destinations, c\u2019est pour cela que je n\u2019ai pas voulu donner un nom de pays ou villes \u00e0 mes packs, mais plus avec un nom d\u2019inspiration. Soyez libre de jouer et d\u2019utiliser les presets avec chacune de vos photos, vous pourriez \u00eatre surpris.<\/span><span style=\"font-weight: 400;\"><br \/>\n<\/span><span style=\"font-weight: 400;\"><br \/>\n<\/span><span style=\"font-weight: 400;\">S\u2019il vous pla\u00eet, gardez en t\u00eate que tous les presets fonctionnent de fa\u00e7on diff\u00e9rente sur chaque photo en fonction de l\u2019appareil photo, de l\u2019objectif, de la lumi\u00e8re ou encore du lieu. Les presets ne sont pas des solutions magiques, vous allez avoir parfois besoin d\u2019ajuster et jouer avec les r\u00e9glages des photos individuellement sur Lightroom.<\/span><span style=\"font-weight: 400;\"><br \/>\n<\/span><span style=\"font-weight: 400;\"><br \/>\n<\/span><span style=\"font-weight: 400;\">Soyez certains \u00e9galement de v\u00e9rifier les photos <a href=\"https:\/\/presets.meryldenis.com\/fr\/before-after\/\">avant\/apr\u00e8s<\/a> avant de faire un achat.<\/span><span style=\"font-weight: 400;\"><br \/>\n<\/span><span style=\"font-weight: 400;\"><br \/>\n<\/span><span style=\"font-weight: 400;\">Vous recevrez les presets par email, dans un fichier compress\u00e9 .zip une fois que le paiement sera re\u00e7u.<\/span><\/p>\n","protected":false},"featured_media":157,"template":"","meta":[],"product_cat":[20],"product_tag":[],"yoast_head":"<!-- This site is optimized with the Yoast SEO plugin v17.0 - https:\/\/yoast.com\/wordpress\/plugins\/seo\/ -->\n<title>Paradise Desktop - Meryl Denis Presets<\/title>\n<meta name=\"description\" content=\"The Paradise desktop package has 9 different presets, they can only be used on Adobe Lightroom Desktop. Check all the presets at \u00abbefore\/after \u00bb page.\" \/>\n<meta name=\"robots\" content=\"index, follow, max-snippet:-1, max-image-preview:large, max-video-preview:-1\" \/>\n<link rel=\"canonical\" href=\"https:\/\/presets.meryldenis.com\/product\/paradise-desktop\/\" \/>\n<meta property=\"og:locale\" content=\"fr_FR\" \/>\n<meta property=\"og:type\" content=\"article\" \/>\n<meta property=\"og:title\" content=\"Paradise Desktop - Meryl Denis Presets\" \/>\n<meta property=\"og:description\" content=\"The Paradise desktop package has 9 different presets, they can only be used on Adobe Lightroom Desktop. Check all the presets at \u00abbefore\/after \u00bb page.\" \/>\n<meta property=\"og:url\" content=\"https:\/\/presets.meryldenis.com\/product\/paradise-desktop\/\" \/>\n<meta property=\"og:site_name\" content=\"Meryl Denis Presets\" \/>\n<meta property=\"article:modified_time\" content=\"2018-08-20T19:49:03+00:00\" \/>\n<meta property=\"og:image\" content=\"https:\/\/i0.wp.com\/presets.meryldenis.com\/wp-content\/uploads\/2018\/08\/PARADISE-DESKTOP.jpg?fit=1463%2C1920&#038;ssl=1\" \/>\n\t<meta property=\"og:image:width\" content=\"1463\" \/>\n\t<meta property=\"og:image:height\" content=\"1920\" \/>\n<meta name=\"twitter:card\" content=\"summary_large_image\" \/>\n<meta name=\"twitter:label1\" content=\"Dur\u00e9e de lecture est.\" \/>\n\t<meta name=\"twitter:data1\" content=\"2 minutes\" \/>\n<script type=\"application\/ld+json\" class=\"yoast-schema-graph\">{\"@context\":\"https:\/\/schema.org\",\"@graph\":[{\"@type\":\"WebSite\",\"@id\":\"https:\/\/presets.meryldenis.com\/fr\/#website\",\"url\":\"https:\/\/presets.meryldenis.com\/fr\/\",\"name\":\"Meryl Denis Presets\",\"description\":\"\",\"potentialAction\":[{\"@type\":\"SearchAction\",\"target\":{\"@type\":\"EntryPoint\",\"urlTemplate\":\"https:\/\/presets.meryldenis.com\/fr\/?s={search_term_string}\"},\"query-input\":\"required name=search_term_string\"}],\"inLanguage\":\"fr-FR\"},{\"@type\":\"ImageObject\",\"@id\":\"https:\/\/presets.meryldenis.com\/product\/paradise-desktop\/#primaryimage\",\"inLanguage\":\"fr-FR\",\"url\":\"https:\/\/presets.meryldenis.com\/wp-content\/uploads\/2018\/08\/PARADISE-DESKTOP.jpg\",\"contentUrl\":\"https:\/\/presets.meryldenis.com\/wp-content\/uploads\/2018\/08\/PARADISE-DESKTOP.jpg\",\"width\":1463,\"height\":1920,\"caption\":\"Paradise Desktop - Meryl Denis Presets\"},{\"@type\":\"WebPage\",\"@id\":\"https:\/\/presets.meryldenis.com\/product\/paradise-desktop\/#webpage\",\"url\":\"https:\/\/presets.meryldenis.com\/product\/paradise-desktop\/\",\"name\":\"Paradise Desktop - Meryl Denis Presets\",\"isPartOf\":{\"@id\":\"https:\/\/presets.meryldenis.com\/fr\/#website\"},\"primaryImageOfPage\":{\"@id\":\"https:\/\/presets.meryldenis.com\/product\/paradise-desktop\/#primaryimage\"},\"datePublished\":\"2018-08-08T08:11:33+00:00\",\"dateModified\":\"2018-08-20T19:49:03+00:00\",\"description\":\"The Paradise desktop package has 9 different presets, they can only be used on Adobe Lightroom Desktop. Check all the presets at \\u00abbefore\/after \\u00bb page.\",\"breadcrumb\":{\"@id\":\"https:\/\/presets.meryldenis.com\/product\/paradise-desktop\/#breadcrumb\"},\"inLanguage\":\"fr-FR\",\"potentialAction\":[{\"@type\":\"ReadAction\",\"target\":[\"https:\/\/presets.meryldenis.com\/product\/paradise-desktop\/\"]}]},{\"@type\":\"BreadcrumbList\",\"@id\":\"https:\/\/presets.meryldenis.com\/product\/paradise-desktop\/#breadcrumb\",\"itemListElement\":[{\"@type\":\"ListItem\",\"position\":1,\"name\":\"Accueil\",\"item\":\"https:\/\/presets.meryldenis.com\/fr\/\"},{\"@type\":\"ListItem\",\"position\":2,\"name\":\"Shop\",\"item\":\"https:\/\/presets.meryldenis.com\/shop\/\"},{\"@type\":\"ListItem\",\"position\":3,\"name\":\"Paradise Desktop\"}]}]}<\/script>\n<!-- \/ Yoast SEO plugin. -->","yoast_head_json":{"title":"Paradise Desktop - Meryl Denis Presets","description":"The Paradise desktop package has 9 different presets, they can only be used on Adobe Lightroom Desktop. Check all the presets at \u00abbefore\/after \u00bb page.","robots":{"index":"index","follow":"follow","max-snippet":"max-snippet:-1","max-image-preview":"max-image-preview:large","max-video-preview":"max-video-preview:-1"},"canonical":"https:\/\/presets.meryldenis.com\/product\/paradise-desktop\/","og_locale":"fr_FR","og_type":"article","og_title":"Paradise Desktop - Meryl Denis Presets","og_description":"The Paradise desktop package has 9 different presets, they can only be used on Adobe Lightroom Desktop. Check all the presets at \u00abbefore\/after \u00bb page.","og_url":"https:\/\/presets.meryldenis.com\/product\/paradise-desktop\/","og_site_name":"Meryl Denis Presets","article_modified_time":"2018-08-20T19:49:03+00:00","og_image":[{"width":1463,"height":1920,"url":"https:\/\/i0.wp.com\/presets.meryldenis.com\/wp-content\/uploads\/2018\/08\/PARADISE-DESKTOP.jpg?fit=1463%2C1920&ssl=1","path":"\/home\/meryldennu\/presets\/wp-content\/uploads\/2018\/08\/PARADISE-DESKTOP.jpg","size":"full","id":157,"alt":"Paradise Desktop - Meryl Denis Presets","pixels":2808960,"type":"image\/jpeg"}],"twitter_card":"summary_large_image","twitter_misc":{"Dur\u00e9e de lecture est.":"2 minutes"},"schema":{"@context":"https:\/\/schema.org","@graph":[{"@type":"WebSite","@id":"https:\/\/presets.meryldenis.com\/fr\/#website","url":"https:\/\/presets.meryldenis.com\/fr\/","name":"Meryl Denis Presets","description":"","potentialAction":[{"@type":"SearchAction","target":{"@type":"EntryPoint","urlTemplate":"https:\/\/presets.meryldenis.com\/fr\/?s={search_term_string}"},"query-input":"required name=search_term_string"}],"inLanguage":"fr-FR"},{"@type":"ImageObject","@id":"https:\/\/presets.meryldenis.com\/product\/paradise-desktop\/#primaryimage","inLanguage":"fr-FR","url":"https:\/\/presets.meryldenis.com\/wp-content\/uploads\/2018\/08\/PARADISE-DESKTOP.jpg","contentUrl":"https:\/\/presets.meryldenis.com\/wp-content\/uploads\/2018\/08\/PARADISE-DESKTOP.jpg","width":1463,"height":1920,"caption":"Paradise Desktop - Meryl Denis Presets"},{"@type":"WebPage","@id":"https:\/\/presets.meryldenis.com\/product\/paradise-desktop\/#webpage","url":"https:\/\/presets.meryldenis.com\/product\/paradise-desktop\/","name":"Paradise Desktop - Meryl Denis Presets","isPartOf":{"@id":"https:\/\/presets.meryldenis.com\/fr\/#website"},"primaryImageOfPage":{"@id":"https:\/\/presets.meryldenis.com\/product\/paradise-desktop\/#primaryimage"},"datePublished":"2018-08-08T08:11:33+00:00","dateModified":"2018-08-20T19:49:03+00:00","description":"The Paradise desktop package has 9 different presets, they can only be used on Adobe Lightroom Desktop. Check all the presets at \u00abbefore\/after \u00bb page.","breadcrumb":{"@id":"https:\/\/presets.meryldenis.com\/product\/paradise-desktop\/#breadcrumb"},"inLanguage":"fr-FR","potentialAction":[{"@type":"ReadAction","target":["https:\/\/presets.meryldenis.com\/product\/paradise-desktop\/"]}]},{"@type":"BreadcrumbList","@id":"https:\/\/presets.meryldenis.com\/product\/paradise-desktop\/#breadcrumb","itemListElement":[{"@type":"ListItem","position":1,"name":"Accueil","item":"https:\/\/presets.meryldenis.com\/fr\/"},{"@type":"ListItem","position":2,"name":"Shop","item":"https:\/\/presets.meryldenis.com\/shop\/"},{"@type":"ListItem","position":3,"name":"Paradise Desktop"}]}]}},"_links":{"self":[{"href":"https:\/\/presets.meryldenis.com\/fr\/wp-json\/wp\/v2\/product\/193"}],"collection":[{"href":"https:\/\/presets.meryldenis.com\/fr\/wp-json\/wp\/v2\/product"}],"about":[{"href":"https:\/\/presets.meryldenis.com\/fr\/wp-json\/wp\/v2\/types\/product"}],"wp:featuredmedia":[{"embeddable":true,"href":"https:\/\/presets.meryldenis.com\/fr\/wp-json\/wp\/v2\/media\/157"}],"wp:attachment":[{"href":"https:\/\/presets.meryldenis.com\/fr\/wp-json\/wp\/v2\/media?parent=193"}],"wp:term":[{"taxonomy":"product_cat","embeddable":true,"href":"https:\/\/presets.meryldenis.com\/fr\/wp-json\/wp\/v2\/product_cat?post=193"},{"taxonomy":"product_tag","embeddable":true,"href":"https:\/\/presets.meryldenis.com\/fr\/wp-json\/wp\/v2\/product_tag?post=193"}],"curies":[{"name":"wp","href":"https:\/\/api.w.org\/{rel}","templated":true}]}}