{"id":758,"date":"2019-07-29T21:52:50","date_gmt":"2019-07-29T19:52:50","guid":{"rendered":"https:\/\/presets.meryldenis.com\/?post_type=product&#038;p=758"},"modified":"2019-08-09T10:32:36","modified_gmt":"2019-08-09T08:32:36","slug":"ocean-mobile","status":"publish","type":"product","link":"https:\/\/presets.meryldenis.com\/fr\/product\/ocean-mobile\/","title":{"rendered":"Ocean Pack Mobile"},"content":{"rendered":"<p>[vc_row][vc_column width=&#8221;1\/2&#8243;][vc_single_image image=&#8221;702&#8243; img_size=&#8221;full&#8221; alignment=&#8221;center&#8221;][vc_empty_space height=&#8221;15px&#8221;][\/vc_column][vc_column width=&#8221;1\/2&#8243;][vc_single_image image=&#8221;703&#8243; img_size=&#8221;full&#8221; alignment=&#8221;center&#8221;][vc_empty_space height=&#8221;15px&#8221;][\/vc_column][\/vc_row][vc_row][vc_column width=&#8221;1\/2&#8243;][vc_single_image image=&#8221;704&#8243; img_size=&#8221;full&#8221; alignment=&#8221;center&#8221;][vc_empty_space height=&#8221;15px&#8221;][\/vc_column][vc_column width=&#8221;1\/2&#8243;][vc_single_image image=&#8221;705&#8243; img_size=&#8221;full&#8221; alignment=&#8221;center&#8221;][vc_empty_space height=&#8221;15px&#8221;][\/vc_column][\/vc_row][vc_row][vc_column width=&#8221;1\/2&#8243;][vc_single_image image=&#8221;706&#8243; img_size=&#8221;full&#8221; alignment=&#8221;center&#8221;][vc_empty_space height=&#8221;15px&#8221;][\/vc_column][vc_column width=&#8221;1\/2&#8243;][vc_single_image image=&#8221;707&#8243; img_size=&#8221;full&#8221; alignment=&#8221;center&#8221;][vc_empty_space height=&#8221;15px&#8221;][\/vc_column][\/vc_row][vc_row][vc_column width=&#8221;1\/2&#8243;][vc_single_image image=&#8221;708&#8243; img_size=&#8221;full&#8221; alignment=&#8221;center&#8221;][vc_empty_space height=&#8221;15px&#8221;][\/vc_column][vc_column width=&#8221;1\/2&#8243;][vc_single_image image=&#8221;709&#8243; img_size=&#8221;full&#8221; alignment=&#8221;center&#8221;][vc_empty_space height=&#8221;15px&#8221;][\/vc_column][\/vc_row][vc_row][vc_column width=&#8221;1\/2&#8243;][vc_single_image image=&#8221;710&#8243; img_size=&#8221;full&#8221; alignment=&#8221;center&#8221;][vc_empty_space height=&#8221;15px&#8221;][\/vc_column][vc_column width=&#8221;1\/2&#8243;][vc_single_image image=&#8221;711&#8243; img_size=&#8221;full&#8221; alignment=&#8221;center&#8221;][vc_empty_space height=&#8221;15px&#8221;][\/vc_column][\/vc_row][vc_row][vc_column width=&#8221;1\/2&#8243;][vc_single_image image=&#8221;712&#8243; img_size=&#8221;full&#8221; alignment=&#8221;center&#8221;][vc_empty_space height=&#8221;15px&#8221;][\/vc_column][vc_column width=&#8221;1\/2&#8243;][vc_single_image image=&#8221;713&#8243; img_size=&#8221;full&#8221; alignment=&#8221;center&#8221;][vc_empty_space height=&#8221;15px&#8221;][\/vc_column][\/vc_row][vc_row][vc_column width=&#8221;1\/2&#8243;][vc_single_image image=&#8221;714&#8243; img_size=&#8221;full&#8221; alignment=&#8221;center&#8221;][vc_empty_space height=&#8221;15px&#8221;][\/vc_column][vc_column width=&#8221;1\/2&#8243;][vc_single_image image=&#8221;715&#8243; img_size=&#8221;full&#8221; alignment=&#8221;center&#8221;][vc_empty_space height=&#8221;15px&#8221;][\/vc_column][\/vc_row]<\/p>\n","protected":false},"excerpt":{"rendered":"<p>Le pack Ocean contient 7 presets diff\u00e9rents, ils ne peuvent \u00eatre utilis\u00e9s que sur l&#8217;application <strong>Adobe Lightroom CC<\/strong>.<\/p>\n<p>2 des presets sont faits sp\u00e9cialement pour des photos de couchers ou levers de soleil <i>(Ocean\u00a06\u00a0Golden Hour\u00a0and Ocean\u00a07\u00a0Sunset<\/i><i>)<\/i>.<\/p>\n<p>1 des presets est fait pour des photos sous l&#8217;eau <i>(Ocean 5 Underwater)<\/i><\/p>\n<p>Ce pack est parfait pour des destinations proche de l&#8217;oc\u00e9an,\u00a0de la plage\u00a0ou n&#8217;importe quelles photos d&#8217;\u00e9t\u00e9\u00a0avec de belles couleurs.<\/p>\n<p>Soyez libre de jouer et d&#8217;utiliser les presets avec chacune de vos photos, vous pourriez \u00eatre surpris.<\/p>\n<p>S&#8217;il vous pla\u00eet, gardez en t\u00eate que tous les presets fonctionnent de fa\u00e7on diff\u00e9rente sur chaque photo en fonction de l&#8217;appareil photo, de l&#8217;objectif, de la lumi\u00e8re ou encore du lieu. Les presets ne sont pas des solutions magiques, vous allez avoir parfois besoin d&#8217;ajuster et jouer avec les r\u00e9glages des photos individuellement sur Lightroom.<\/p>\n<p>Soyez certains \u00e9galement de v\u00e9rifier les photos <a href=\"https:\/\/presets.meryldenis.com\/fr\/before-after\/\">avant\/apr\u00e8s<\/a> avant de faire un achat.<\/p>\n<p>Vous recevrez les presets par email, dans un fichier compress\u00e9 .zip une fois que le paiement sera re\u00e7u.<\/p>\n<p>Vous recevrez \u00e9galement par email un Guide d&#8217;\u00e9tapes en format PDF (il y en a un en fran\u00e7ais et un en anglais) pour vous aider \u00e0 installer et utiliser les presets sur votre application mobile.<\/p>\n<p><i>Si jamais vous ne pouvez pas ouvrir le fichier .zip sur votre t\u00e9l\u00e9phone, voici deux autres options :<\/i><\/p>\n<p><i>Sur Android, vous pouvez ouvrir le fichier .zip via une application de d\u00e9compression de fichiers (comme l&#8217;application &#8220;RAW&#8221;).<\/i><\/p>\n<p><i>Vous pouvez aussi l&#8217;ouvrir sur ordinateur et ensuite vous envoyez les fichiers des presets directement sur votre t\u00e9l\u00e9phone par email, airdrop, dropbox, ou encore Google drive&#8230; et ensuite vous pouvez suivre toutes les autres \u00e9tapes du guide.<\/i><\/p>\n","protected":false},"featured_media":697,"template":"","meta":[],"product_cat":[21],"product_tag":[],"yoast_head":"<!-- This site is optimized with the Yoast SEO plugin v17.0 - https:\/\/yoast.com\/wordpress\/plugins\/seo\/ -->\n<title>Ocean Pack Mobile - Meryl Denis Presets<\/title>\n<meta name=\"description\" content=\"The Preset Ocean Mobile package has 7 different presets, they can only be used on the Adobe Lightroom CC application. Check all the presets at \u00abbefore\/after \u00bb page.\" \/>\n<meta name=\"robots\" content=\"index, follow, max-snippet:-1, max-image-preview:large, max-video-preview:-1\" \/>\n<link rel=\"canonical\" href=\"https:\/\/presets.meryldenis.com\/product\/ocean-mobile\/\" \/>\n<meta property=\"og:locale\" content=\"fr_FR\" \/>\n<meta property=\"og:type\" content=\"article\" \/>\n<meta property=\"og:title\" content=\"Ocean Pack Mobile - Meryl Denis Presets\" \/>\n<meta property=\"og:description\" content=\"The Preset Ocean Mobile package has 7 different presets, they can only be used on the Adobe Lightroom CC application. Check all the presets at \u00abbefore\/after \u00bb page.\" \/>\n<meta property=\"og:url\" content=\"https:\/\/presets.meryldenis.com\/product\/ocean-mobile\/\" \/>\n<meta property=\"og:site_name\" content=\"Meryl Denis Presets\" \/>\n<meta property=\"article:modified_time\" content=\"2019-08-09T08:32:36+00:00\" \/>\n<meta property=\"og:image\" content=\"https:\/\/i2.wp.com\/presets.meryldenis.com\/wp-content\/uploads\/2019\/07\/Ocean-Pack-Mobile-NEW.jpg?fit=1384%2C1920&#038;ssl=1\" \/>\n\t<meta property=\"og:image:width\" content=\"1384\" \/>\n\t<meta property=\"og:image:height\" content=\"1920\" \/>\n<meta name=\"twitter:card\" content=\"summary_large_image\" \/>\n<meta name=\"twitter:label1\" content=\"Dur\u00e9e de lecture est.\" \/>\n\t<meta name=\"twitter:data1\" content=\"1 minute\" \/>\n<script type=\"application\/ld+json\" class=\"yoast-schema-graph\">{\"@context\":\"https:\/\/schema.org\",\"@graph\":[{\"@type\":\"WebSite\",\"@id\":\"https:\/\/presets.meryldenis.com\/fr\/#website\",\"url\":\"https:\/\/presets.meryldenis.com\/fr\/\",\"name\":\"Meryl Denis Presets\",\"description\":\"\",\"potentialAction\":[{\"@type\":\"SearchAction\",\"target\":{\"@type\":\"EntryPoint\",\"urlTemplate\":\"https:\/\/presets.meryldenis.com\/fr\/?s={search_term_string}\"},\"query-input\":\"required name=search_term_string\"}],\"inLanguage\":\"fr-FR\"},{\"@type\":\"ImageObject\",\"@id\":\"https:\/\/presets.meryldenis.com\/product\/ocean-mobile\/#primaryimage\",\"inLanguage\":\"fr-FR\",\"url\":\"https:\/\/presets.meryldenis.com\/wp-content\/uploads\/2019\/07\/Ocean-Pack-Mobile-NEW.jpg\",\"contentUrl\":\"https:\/\/presets.meryldenis.com\/wp-content\/uploads\/2019\/07\/Ocean-Pack-Mobile-NEW.jpg\",\"width\":1384,\"height\":1920},{\"@type\":\"WebPage\",\"@id\":\"https:\/\/presets.meryldenis.com\/product\/ocean-mobile\/#webpage\",\"url\":\"https:\/\/presets.meryldenis.com\/product\/ocean-mobile\/\",\"name\":\"Ocean Pack Mobile - Meryl Denis Presets\",\"isPartOf\":{\"@id\":\"https:\/\/presets.meryldenis.com\/fr\/#website\"},\"primaryImageOfPage\":{\"@id\":\"https:\/\/presets.meryldenis.com\/product\/ocean-mobile\/#primaryimage\"},\"datePublished\":\"2019-07-29T19:52:50+00:00\",\"dateModified\":\"2019-08-09T08:32:36+00:00\",\"description\":\"The Preset Ocean Mobile package has 7 different presets, they can only be used on the Adobe Lightroom CC application. Check all the presets at \\u00abbefore\/after \\u00bb page.\",\"breadcrumb\":{\"@id\":\"https:\/\/presets.meryldenis.com\/product\/ocean-mobile\/#breadcrumb\"},\"inLanguage\":\"fr-FR\",\"potentialAction\":[{\"@type\":\"ReadAction\",\"target\":[\"https:\/\/presets.meryldenis.com\/product\/ocean-mobile\/\"]}]},{\"@type\":\"BreadcrumbList\",\"@id\":\"https:\/\/presets.meryldenis.com\/product\/ocean-mobile\/#breadcrumb\",\"itemListElement\":[{\"@type\":\"ListItem\",\"position\":1,\"name\":\"Accueil\",\"item\":\"https:\/\/presets.meryldenis.com\/fr\/\"},{\"@type\":\"ListItem\",\"position\":2,\"name\":\"Shop\",\"item\":\"https:\/\/presets.meryldenis.com\/shop\/\"},{\"@type\":\"ListItem\",\"position\":3,\"name\":\"Ocean Pack Mobile\"}]}]}<\/script>\n<!-- \/ Yoast SEO plugin. -->","yoast_head_json":{"title":"Ocean Pack Mobile - Meryl Denis Presets","description":"The Preset Ocean Mobile package has 7 different presets, they can only be used on the Adobe Lightroom CC application. Check all the presets at \u00abbefore\/after \u00bb page.","robots":{"index":"index","follow":"follow","max-snippet":"max-snippet:-1","max-image-preview":"max-image-preview:large","max-video-preview":"max-video-preview:-1"},"canonical":"https:\/\/presets.meryldenis.com\/product\/ocean-mobile\/","og_locale":"fr_FR","og_type":"article","og_title":"Ocean Pack Mobile - Meryl Denis Presets","og_description":"The Preset Ocean Mobile package has 7 different presets, they can only be used on the Adobe Lightroom CC application. Check all the presets at \u00abbefore\/after \u00bb page.","og_url":"https:\/\/presets.meryldenis.com\/product\/ocean-mobile\/","og_site_name":"Meryl Denis Presets","article_modified_time":"2019-08-09T08:32:36+00:00","og_image":[{"width":1384,"height":1920,"url":"https:\/\/i2.wp.com\/presets.meryldenis.com\/wp-content\/uploads\/2019\/07\/Ocean-Pack-Mobile-NEW.jpg?fit=1384%2C1920&ssl=1","path":"\/home\/meryldennu\/presets\/wp-content\/uploads\/2019\/07\/Ocean-Pack-Mobile-NEW.jpg","size":"full","id":697,"alt":"","pixels":2657280,"type":"image\/jpeg"}],"twitter_card":"summary_large_image","twitter_misc":{"Dur\u00e9e de lecture est.":"1 minute"},"schema":{"@context":"https:\/\/schema.org","@graph":[{"@type":"WebSite","@id":"https:\/\/presets.meryldenis.com\/fr\/#website","url":"https:\/\/presets.meryldenis.com\/fr\/","name":"Meryl Denis Presets","description":"","potentialAction":[{"@type":"SearchAction","target":{"@type":"EntryPoint","urlTemplate":"https:\/\/presets.meryldenis.com\/fr\/?s={search_term_string}"},"query-input":"required name=search_term_string"}],"inLanguage":"fr-FR"},{"@type":"ImageObject","@id":"https:\/\/presets.meryldenis.com\/product\/ocean-mobile\/#primaryimage","inLanguage":"fr-FR","url":"https:\/\/presets.meryldenis.com\/wp-content\/uploads\/2019\/07\/Ocean-Pack-Mobile-NEW.jpg","contentUrl":"https:\/\/presets.meryldenis.com\/wp-content\/uploads\/2019\/07\/Ocean-Pack-Mobile-NEW.jpg","width":1384,"height":1920},{"@type":"WebPage","@id":"https:\/\/presets.meryldenis.com\/product\/ocean-mobile\/#webpage","url":"https:\/\/presets.meryldenis.com\/product\/ocean-mobile\/","name":"Ocean Pack Mobile - Meryl Denis Presets","isPartOf":{"@id":"https:\/\/presets.meryldenis.com\/fr\/#website"},"primaryImageOfPage":{"@id":"https:\/\/presets.meryldenis.com\/product\/ocean-mobile\/#primaryimage"},"datePublished":"2019-07-29T19:52:50+00:00","dateModified":"2019-08-09T08:32:36+00:00","description":"The Preset Ocean Mobile package has 7 different presets, they can only be used on the Adobe Lightroom CC application. Check all the presets at \u00abbefore\/after \u00bb page.","breadcrumb":{"@id":"https:\/\/presets.meryldenis.com\/product\/ocean-mobile\/#breadcrumb"},"inLanguage":"fr-FR","potentialAction":[{"@type":"ReadAction","target":["https:\/\/presets.meryldenis.com\/product\/ocean-mobile\/"]}]},{"@type":"BreadcrumbList","@id":"https:\/\/presets.meryldenis.com\/product\/ocean-mobile\/#breadcrumb","itemListElement":[{"@type":"ListItem","position":1,"name":"Accueil","item":"https:\/\/presets.meryldenis.com\/fr\/"},{"@type":"ListItem","position":2,"name":"Shop","item":"https:\/\/presets.meryldenis.com\/shop\/"},{"@type":"ListItem","position":3,"name":"Ocean Pack Mobile"}]}]}},"_links":{"self":[{"href":"https:\/\/presets.meryldenis.com\/fr\/wp-json\/wp\/v2\/product\/758"}],"collection":[{"href":"https:\/\/presets.meryldenis.com\/fr\/wp-json\/wp\/v2\/product"}],"about":[{"href":"https:\/\/presets.meryldenis.com\/fr\/wp-json\/wp\/v2\/types\/product"}],"wp:featuredmedia":[{"embeddable":true,"href":"https:\/\/presets.meryldenis.com\/fr\/wp-json\/wp\/v2\/media\/697"}],"wp:attachment":[{"href":"https:\/\/presets.meryldenis.com\/fr\/wp-json\/wp\/v2\/media?parent=758"}],"wp:term":[{"taxonomy":"product_cat","embeddable":true,"href":"https:\/\/presets.meryldenis.com\/fr\/wp-json\/wp\/v2\/product_cat?post=758"},{"taxonomy":"product_tag","embeddable":true,"href":"https:\/\/presets.meryldenis.com\/fr\/wp-json\/wp\/v2\/product_tag?post=758"}],"curies":[{"name":"wp","href":"https:\/\/api.w.org\/{rel}","templated":true}]}}