{"id":775,"date":"2019-07-30T01:04:23","date_gmt":"2019-07-29T23:04:23","guid":{"rendered":"https:\/\/presets.meryldenis.com\/?post_type=product&#038;p=775"},"modified":"2019-08-09T10:31:36","modified_gmt":"2019-08-09T08:31:36","slug":"master-collection-pack-mobile","status":"publish","type":"product","link":"https:\/\/presets.meryldenis.com\/fr\/product\/master-collection-pack-mobile\/","title":{"rendered":"Master Collection Mobile"},"content":{"rendered":"<p><span style=\"font-weight: 400;\">\u00a0<\/span><\/p>\n","protected":false},"excerpt":{"rendered":"<p>Le pack Master Collection contient la totalit\u00e9 de mes 41 presets disponibles dans les 5 packs :\u00a0<b><a href=\"https:\/\/presets.meryldenis.com\/fr\/product\/european-mobile\/\">European<\/a>, <a href=\"https:\/\/presets.meryldenis.com\/fr\/product\/tropical-mobile\/\">Tropical<\/a>,\u00a0<a href=\"https:\/\/presets.meryldenis.com\/fr\/product\/paradise-mobile\/\">Paradise<\/a><\/b>\u00a0et les deux nouveaux\u00a0<a href=\"https:\/\/presets.meryldenis.com\/fr\/product\/ocean-mobile\/\"><b>Ocean<\/b>\u00a0<\/a>et\u00a0<a href=\"https:\/\/presets.meryldenis.com\/fr\/product\/travel-mobile\/\"><b>Travel<\/b><\/a>. Ils ne peuvent \u00eatre utilis\u00e9s que sur l&#8217;application Adobe Lightroom CC.<\/p>\n<p>S&#8217;il vous pla\u00eet, gardez en t\u00eate que tous les presets fonctionnent de fa\u00e7on diff\u00e9rente sur chaque photo en fonction de l&#8217;appareil photo, de l&#8217;objectif, de la lumi\u00e8re ou encore du lieu. Les presets ne sont pas des solutions magiques, vous allez avoir parfois besoin d&#8217;ajuster et jouer avec les r\u00e9glages des photos individuellement sur Lightroom.<\/p>\n<p>Soyez certains \u00e9galement de v\u00e9rifier les photos <a href=\"https:\/\/presets.meryldenis.com\/fr\/before-after\/\">avant\/apr\u00e8s<\/a> avant de faire un achat.<\/p>\n<p>Vous recevrez les presets par email, dans un fichier compress\u00e9 .zip une fois que le paiement sera re\u00e7u.<\/p>\n<p>Vous recevrez \u00e9galement par email un Guide d&#8217;\u00e9tapes en format PDF (il y en a un en fran\u00e7ais et un en anglais) pour vous aider \u00e0 installer et utiliser les presets sur votre application mobile.<\/p>\n<p><i>Si jamais vous ne pouvez pas ouvrir le fichier .zip sur votre t\u00e9l\u00e9phone, voici deux autres options :<\/i><\/p>\n<p><i>Sur Android, vous pouvez ouvrir le fichier .zip via une application de d\u00e9compression de fichiers (comme l&#8217;application &#8220;RAW&#8221;).<\/i><\/p>\n<p><i>Vous pouvez aussi l&#8217;ouvrir sur ordinateur et ensuite vous envoyez les fichiers des presets directement sur votre t\u00e9l\u00e9phone par email, airdrop, dropbox, ou encore Google drive&#8230; et ensuite vous pouvez suivre toutes les autres \u00e9tapes du guide.<\/i><\/p>\n","protected":false},"featured_media":695,"template":"","meta":[],"product_cat":[21],"product_tag":[],"yoast_head":"<!-- This site is optimized with the Yoast SEO plugin v17.0 - https:\/\/yoast.com\/wordpress\/plugins\/seo\/ -->\n<title>Master Collection Mobile - Meryl Denis Presets<\/title>\n<meta name=\"description\" content=\"The Master Collection Mobile package has 41 different presets, they can only be used on Adobe Lightroom Desktop.\" \/>\n<meta name=\"robots\" content=\"index, follow, max-snippet:-1, max-image-preview:large, max-video-preview:-1\" \/>\n<link rel=\"canonical\" href=\"https:\/\/presets.meryldenis.com\/product\/master-collection-pack-mobile\/\" \/>\n<meta property=\"og:locale\" content=\"fr_FR\" \/>\n<meta property=\"og:type\" content=\"article\" \/>\n<meta property=\"og:title\" content=\"Master Collection Mobile - Meryl Denis Presets\" \/>\n<meta property=\"og:description\" content=\"The Master Collection Mobile package has 41 different presets, they can only be used on Adobe Lightroom Desktop.\" \/>\n<meta property=\"og:url\" content=\"https:\/\/presets.meryldenis.com\/product\/master-collection-pack-mobile\/\" \/>\n<meta property=\"og:site_name\" content=\"Meryl Denis Presets\" \/>\n<meta property=\"article:modified_time\" content=\"2019-08-09T08:31:36+00:00\" \/>\n<meta property=\"og:image\" content=\"https:\/\/i1.wp.com\/presets.meryldenis.com\/wp-content\/uploads\/2019\/07\/Master-Collection-Mobile-New.jpg?fit=1383%2C1920&#038;ssl=1\" \/>\n\t<meta property=\"og:image:width\" content=\"1383\" \/>\n\t<meta property=\"og:image:height\" content=\"1920\" \/>\n<meta name=\"twitter:card\" content=\"summary_large_image\" \/>\n<script type=\"application\/ld+json\" class=\"yoast-schema-graph\">{\"@context\":\"https:\/\/schema.org\",\"@graph\":[{\"@type\":\"WebSite\",\"@id\":\"https:\/\/presets.meryldenis.com\/fr\/#website\",\"url\":\"https:\/\/presets.meryldenis.com\/fr\/\",\"name\":\"Meryl Denis Presets\",\"description\":\"\",\"potentialAction\":[{\"@type\":\"SearchAction\",\"target\":{\"@type\":\"EntryPoint\",\"urlTemplate\":\"https:\/\/presets.meryldenis.com\/fr\/?s={search_term_string}\"},\"query-input\":\"required name=search_term_string\"}],\"inLanguage\":\"fr-FR\"},{\"@type\":\"ImageObject\",\"@id\":\"https:\/\/presets.meryldenis.com\/product\/master-collection-pack-mobile\/#primaryimage\",\"inLanguage\":\"fr-FR\",\"url\":\"https:\/\/presets.meryldenis.com\/wp-content\/uploads\/2019\/07\/Master-Collection-Mobile-New.jpg\",\"contentUrl\":\"https:\/\/presets.meryldenis.com\/wp-content\/uploads\/2019\/07\/Master-Collection-Mobile-New.jpg\",\"width\":1383,\"height\":1920},{\"@type\":\"WebPage\",\"@id\":\"https:\/\/presets.meryldenis.com\/product\/master-collection-pack-mobile\/#webpage\",\"url\":\"https:\/\/presets.meryldenis.com\/product\/master-collection-pack-mobile\/\",\"name\":\"Master Collection Mobile - Meryl Denis Presets\",\"isPartOf\":{\"@id\":\"https:\/\/presets.meryldenis.com\/fr\/#website\"},\"primaryImageOfPage\":{\"@id\":\"https:\/\/presets.meryldenis.com\/product\/master-collection-pack-mobile\/#primaryimage\"},\"datePublished\":\"2019-07-29T23:04:23+00:00\",\"dateModified\":\"2019-08-09T08:31:36+00:00\",\"description\":\"The Master Collection Mobile package has 41 different presets, they can only be used on Adobe Lightroom Desktop.\",\"breadcrumb\":{\"@id\":\"https:\/\/presets.meryldenis.com\/product\/master-collection-pack-mobile\/#breadcrumb\"},\"inLanguage\":\"fr-FR\",\"potentialAction\":[{\"@type\":\"ReadAction\",\"target\":[\"https:\/\/presets.meryldenis.com\/product\/master-collection-pack-mobile\/\"]}]},{\"@type\":\"BreadcrumbList\",\"@id\":\"https:\/\/presets.meryldenis.com\/product\/master-collection-pack-mobile\/#breadcrumb\",\"itemListElement\":[{\"@type\":\"ListItem\",\"position\":1,\"name\":\"Accueil\",\"item\":\"https:\/\/presets.meryldenis.com\/fr\/\"},{\"@type\":\"ListItem\",\"position\":2,\"name\":\"Shop\",\"item\":\"https:\/\/presets.meryldenis.com\/shop\/\"},{\"@type\":\"ListItem\",\"position\":3,\"name\":\"Master Collection Mobile\"}]}]}<\/script>\n<!-- \/ Yoast SEO plugin. -->","yoast_head_json":{"title":"Master Collection Mobile - Meryl Denis Presets","description":"The Master Collection Mobile package has 41 different presets, they can only be used on Adobe Lightroom Desktop.","robots":{"index":"index","follow":"follow","max-snippet":"max-snippet:-1","max-image-preview":"max-image-preview:large","max-video-preview":"max-video-preview:-1"},"canonical":"https:\/\/presets.meryldenis.com\/product\/master-collection-pack-mobile\/","og_locale":"fr_FR","og_type":"article","og_title":"Master Collection Mobile - Meryl Denis Presets","og_description":"The Master Collection Mobile package has 41 different presets, they can only be used on Adobe Lightroom Desktop.","og_url":"https:\/\/presets.meryldenis.com\/product\/master-collection-pack-mobile\/","og_site_name":"Meryl Denis Presets","article_modified_time":"2019-08-09T08:31:36+00:00","og_image":[{"width":1383,"height":1920,"url":"https:\/\/i1.wp.com\/presets.meryldenis.com\/wp-content\/uploads\/2019\/07\/Master-Collection-Mobile-New.jpg?fit=1383%2C1920&ssl=1","path":"\/home\/meryldennu\/presets\/wp-content\/uploads\/2019\/07\/Master-Collection-Mobile-New.jpg","size":"full","id":695,"alt":"","pixels":2655360,"type":"image\/jpeg"}],"twitter_card":"summary_large_image","schema":{"@context":"https:\/\/schema.org","@graph":[{"@type":"WebSite","@id":"https:\/\/presets.meryldenis.com\/fr\/#website","url":"https:\/\/presets.meryldenis.com\/fr\/","name":"Meryl Denis Presets","description":"","potentialAction":[{"@type":"SearchAction","target":{"@type":"EntryPoint","urlTemplate":"https:\/\/presets.meryldenis.com\/fr\/?s={search_term_string}"},"query-input":"required name=search_term_string"}],"inLanguage":"fr-FR"},{"@type":"ImageObject","@id":"https:\/\/presets.meryldenis.com\/product\/master-collection-pack-mobile\/#primaryimage","inLanguage":"fr-FR","url":"https:\/\/presets.meryldenis.com\/wp-content\/uploads\/2019\/07\/Master-Collection-Mobile-New.jpg","contentUrl":"https:\/\/presets.meryldenis.com\/wp-content\/uploads\/2019\/07\/Master-Collection-Mobile-New.jpg","width":1383,"height":1920},{"@type":"WebPage","@id":"https:\/\/presets.meryldenis.com\/product\/master-collection-pack-mobile\/#webpage","url":"https:\/\/presets.meryldenis.com\/product\/master-collection-pack-mobile\/","name":"Master Collection Mobile - Meryl Denis Presets","isPartOf":{"@id":"https:\/\/presets.meryldenis.com\/fr\/#website"},"primaryImageOfPage":{"@id":"https:\/\/presets.meryldenis.com\/product\/master-collection-pack-mobile\/#primaryimage"},"datePublished":"2019-07-29T23:04:23+00:00","dateModified":"2019-08-09T08:31:36+00:00","description":"The Master Collection Mobile package has 41 different presets, they can only be used on Adobe Lightroom Desktop.","breadcrumb":{"@id":"https:\/\/presets.meryldenis.com\/product\/master-collection-pack-mobile\/#breadcrumb"},"inLanguage":"fr-FR","potentialAction":[{"@type":"ReadAction","target":["https:\/\/presets.meryldenis.com\/product\/master-collection-pack-mobile\/"]}]},{"@type":"BreadcrumbList","@id":"https:\/\/presets.meryldenis.com\/product\/master-collection-pack-mobile\/#breadcrumb","itemListElement":[{"@type":"ListItem","position":1,"name":"Accueil","item":"https:\/\/presets.meryldenis.com\/fr\/"},{"@type":"ListItem","position":2,"name":"Shop","item":"https:\/\/presets.meryldenis.com\/shop\/"},{"@type":"ListItem","position":3,"name":"Master Collection Mobile"}]}]}},"_links":{"self":[{"href":"https:\/\/presets.meryldenis.com\/fr\/wp-json\/wp\/v2\/product\/775"}],"collection":[{"href":"https:\/\/presets.meryldenis.com\/fr\/wp-json\/wp\/v2\/product"}],"about":[{"href":"https:\/\/presets.meryldenis.com\/fr\/wp-json\/wp\/v2\/types\/product"}],"wp:featuredmedia":[{"embeddable":true,"href":"https:\/\/presets.meryldenis.com\/fr\/wp-json\/wp\/v2\/media\/695"}],"wp:attachment":[{"href":"https:\/\/presets.meryldenis.com\/fr\/wp-json\/wp\/v2\/media?parent=775"}],"wp:term":[{"taxonomy":"product_cat","embeddable":true,"href":"https:\/\/presets.meryldenis.com\/fr\/wp-json\/wp\/v2\/product_cat?post=775"},{"taxonomy":"product_tag","embeddable":true,"href":"https:\/\/presets.meryldenis.com\/fr\/wp-json\/wp\/v2\/product_tag?post=775"}],"curies":[{"name":"wp","href":"https:\/\/api.w.org\/{rel}","templated":true}]}}